{"id":1677,"date":"2023-12-05T06:10:24","date_gmt":"2023-12-05T06:10:24","guid":{"rendered":"https:\/\/themejunction.net\/wp\/rafter\/?page_id=1677"},"modified":"2023-12-05T06:10:24","modified_gmt":"2023-12-05T06:10:24","slug":"services-01","status":"publish","type":"page","link":"https:\/\/couvreur-zingueur-albi.fr\/index.php\/services-01\/","title":{"rendered":"Services 01"},"content":{"rendered":"\t\t<div data-elementor-type=\"wp-page\" data-elementor-id=\"1677\" class=\"elementor elementor-1677\">\n\t\t\t\t\t\t<section class=\"elementor-section elementor-top-section elementor-element elementor-element-0160dc8 elementor-section-full_width elementor-section-height-default elementor-section-height-default\" data-id=\"0160dc8\" data-element_type=\"section\">\n\t\t\t\t\t\t<div class=\"elementor-container elementor-column-gap-default\">\n\t\t\t\t\t<div class=\"elementor-column elementor-col-100 elementor-top-column elementor-element elementor-element-a710375\" data-id=\"a710375\" data-element_type=\"column\">\n\t\t\t<div class=\"elementor-widget-wrap elementor-element-populated\">\n\t\t\t\t\t\t<div class=\"elementor-element elementor-element-3a586ef elementor-widget elementor-widget-tj-page-header\" data-id=\"3a586ef\" data-element_type=\"widget\" data-widget_type=\"tj-page-header.default\">\n\t\t\t\t<div class=\"elementor-widget-container\">\n\t\t\t\t\t\r\n<div class=\"breadcrumb-wrapper hero-page bg-cover \" data-bg-image=\"https:\/\/themejunction.net\/wp\/rafter\/wp-content\/uploads\/2023\/09\/breadcrumb.jpg\" >\r\n  <div class=\"container\">\r\n    <div class=\"row\">\r\n      <div class=\"col-12\">\r\n        <div class=\"breadcrumb-content\">\r\n\r\n                      <div class=\"breadcrumb__link\">\r\n              <!-- Breadcrumb NavXT 7.4.1 -->\n<span property=\"itemListElement\" typeof=\"ListItem\"><a property=\"item\" typeof=\"WebPage\" title=\"Aller \u00e0 Ets DOYA - Artisan Couvreur ALBI 81 TARN.\" href=\"https:\/\/couvreur-zingueur-albi.fr\" class=\"home\" ><span property=\"name\">Ets DOYA - Artisan Couvreur ALBI 81 TARN<\/span><\/a><meta property=\"position\" content=\"1\"><\/span> &gt; <span property=\"itemListElement\" typeof=\"ListItem\"><a property=\"item\" typeof=\"WebPage\" title=\"Aller \u00e0 Blog.\" href=\"https:\/\/couvreur-zingueur-albi.fr\/index.php\/blog\/\" class=\"post-root post post-post\" aria-current=\"page\"><span property=\"name\">Blog<\/span><\/a><meta property=\"position\" content=\"2\"><\/span>            <\/div>\r\n          \r\n          <h1 class=\"title wow fadeInUp\" data-wow-delay=\"0.3s\">Our Services<\/h1>\r\n        <\/div>\r\n      <\/div>\r\n    <\/div>\r\n  <\/div>\r\n\r\n      <div class=\"hero-right-element page-header-shape\" data-mask-image=\"https:\/\/couvreur-zingueur-albi.fr\/wp-content\/themes\/rafter\/assets\/img\/svg\/hero-page-shape.svg\" > <\/div>\r\n  \r\n<\/div>\r\n\r\n\t\t\t\t<\/div>\n\t\t\t\t<\/div>\n\t\t\t\t\t<\/div>\n\t\t<\/div>\n\t\t\t\t\t<\/div>\n\t\t<\/section>\n\t\t\t\t<section class=\"elementor-section elementor-top-section elementor-element elementor-element-04baffd elementor-section-boxed elementor-section-height-default elementor-section-height-default\" data-id=\"04baffd\" data-element_type=\"section\">\n\t\t\t\t\t\t<div class=\"elementor-container elementor-column-gap-default\">\n\t\t\t\t\t<div class=\"elementor-column elementor-col-100 elementor-top-column elementor-element elementor-element-2efe801\" data-id=\"2efe801\" data-element_type=\"column\">\n\t\t\t<div class=\"elementor-widget-wrap elementor-element-populated\">\n\t\t\t\t\t\t<div class=\"elementor-element elementor-element-8f618dc tj_section_align elementor-align-center elementor-widget__width-initial elementor-widget elementor-widget-tj-section-title\" data-id=\"8f618dc\" data-element_type=\"widget\" data-widget_type=\"tj-section-title.default\">\n\t\t\t\t<div class=\"elementor-widget-container\">\n\t\t\t\t\t\r\n<div class=\"section__heading\">\r\n\r\n      <h4 class=\"section_sub__title\">WHAT WE DO<\/h4>\r\n  \r\n  <h2 class=\"section_title\">We\u2019r Prodviding Quality\nRoofing Services<\/h2>\r\n      <div class=\"content\">\r\n      when an unknown printer took a galley of type and scrambled it to make a type not only five centurie when an unknown printer took a galley of type specimen bookurvived not only five centurie    <\/div>\r\n  <\/div>\r\n\r\n\t\t\t\t<\/div>\n\t\t\t\t<\/div>\n\t\t\t\t<div class=\"elementor-element elementor-element-cd36db0 elementor-widget elementor-widget-tj-services-layout\" data-id=\"cd36db0\" data-element_type=\"widget\" data-widget_type=\"tj-services-layout.default\">\n\t\t\t\t<div class=\"elementor-widget-container\">\n\t\t\t\t\t<!-- Quality service section start -->\r\n<div class=\"superior_service-wrapper\">\r\n      <div class=\"row\">\r\n              <div class=\"col-lg-6\">\r\n          <div class=\"single-quality single-quality-2 d-flex justify-content-start  wow fadeInUp \" data-wow-delay=\"300ms\">\r\n\r\n                          <div class=\"tj-service-img\">\r\n                                                  <div class=\"shape__element\">\r\n                    <svg xmlns=\"http:\/\/www.w3.org\/2000\/svg\" width=\"70\" height=\"361\" viewBox=\"0 0 70 361\" fill=\"none\">\r\n                      <path class=\"color_shape\" fill-rule=\"evenodd\" clip-rule=\"evenodd\" d=\"M42.8201 360.5L33.9952 345.5C25.1702 330.5 7.52033 300.5 9.28533 270.5C11.0503 240.5 32.2302 210.5 30.4652 180.5C28.7002 150.5 3.99033 120.5 0.460426 90.5C-3.06957 60.5 14.5803 30.5 23.4052 15.5L32.2302 0.5H64V15.5C64 30.5 64 60.5 64 90.5C64 120.5 64 150.5 64 180.5C64 210.5 64 240.5 64 270.5C64 300.5 64 330.5 64 345.5V360.5H42.8201Z\" fill=\"#EA1826\" \/>\r\n                      <path fill-rule=\"evenodd\" clip-rule=\"evenodd\" d=\"M49.482 360.5L40.9328 345.5C32.3836 330.5 15.2853 300.5 16.9951 270.5C18.705 240.5 39.223 210.5 37.5131 180.5C35.8033 150.5 11.8656 120.5 8.44603 90.5C5.02633 60.5 22.1246 30.5 30.6738 15.5L39.223 0.5H70V15.5C70 30.5 70 60.5 70 90.5C70 120.5 70 150.5 70 180.5C70 210.5 70 240.5 70 270.5C70 300.5 70 330.5 70 345.5V360.5H49.482Z\" fill=\"white\" \/>\r\n                    <\/svg>\r\n                  <\/div>\r\n                              <\/div>\r\n            \r\n            <div class=\"tj-content text-start\">\r\n\r\n                                <div class=\"icon\">\r\n                    <i class=\"flaticon-roof-3\"><\/i>\r\n                  <\/div>\r\n              \r\n              <h3 class=\"service__title\"><a href=\"https:\/\/couvreur-zingueur-albi.fr\/index.php\/services\/couverture-toiture-albi-tarn-81\/\">Couverture Toiture<\/a><\/h3>\r\n\r\n                              <p>Couverture de Toiture \u00e0 Albi (Tarn 81) \u2013 Ets Doya, votre couvreur expert Vous recherchez un sp\u00e9cialiste de la couverture\u2026<\/p>\r\n              \r\n\r\n              \r\n                                    <div class=\"roof-element\">\r\n                      <i class=\"flaticon-roof-3\"><\/i>\r\n                    <\/div>\r\n                                          <\/div>\r\n          <\/div>\r\n        <\/div>\r\n              <div class=\"col-lg-6\">\r\n          <div class=\"single-quality single-quality-2 d-flex justify-content-start  wow fadeInUp \" data-wow-delay=\"400ms\">\r\n\r\n                          <div class=\"tj-service-img\">\r\n                                                  <div class=\"shape__element\">\r\n                    <svg xmlns=\"http:\/\/www.w3.org\/2000\/svg\" width=\"70\" height=\"361\" viewBox=\"0 0 70 361\" fill=\"none\">\r\n                      <path class=\"color_shape\" fill-rule=\"evenodd\" clip-rule=\"evenodd\" d=\"M42.8201 360.5L33.9952 345.5C25.1702 330.5 7.52033 300.5 9.28533 270.5C11.0503 240.5 32.2302 210.5 30.4652 180.5C28.7002 150.5 3.99033 120.5 0.460426 90.5C-3.06957 60.5 14.5803 30.5 23.4052 15.5L32.2302 0.5H64V15.5C64 30.5 64 60.5 64 90.5C64 120.5 64 150.5 64 180.5C64 210.5 64 240.5 64 270.5C64 300.5 64 330.5 64 345.5V360.5H42.8201Z\" fill=\"#EA1826\" \/>\r\n                      <path fill-rule=\"evenodd\" clip-rule=\"evenodd\" d=\"M49.482 360.5L40.9328 345.5C32.3836 330.5 15.2853 300.5 16.9951 270.5C18.705 240.5 39.223 210.5 37.5131 180.5C35.8033 150.5 11.8656 120.5 8.44603 90.5C5.02633 60.5 22.1246 30.5 30.6738 15.5L39.223 0.5H70V15.5C70 30.5 70 60.5 70 90.5C70 120.5 70 150.5 70 180.5C70 210.5 70 240.5 70 270.5C70 300.5 70 330.5 70 345.5V360.5H49.482Z\" fill=\"white\" \/>\r\n                    <\/svg>\r\n                  <\/div>\r\n                              <\/div>\r\n            \r\n            <div class=\"tj-content text-start\">\r\n\r\n                                <div class=\"icon\">\r\n                    <i class=\"flaticon-broken-house\"><\/i>\r\n                  <\/div>\r\n              \r\n              <h3 class=\"service__title\"><a href=\"https:\/\/couvreur-zingueur-albi.fr\/index.php\/services\/reparation-fuite-toiture-albi-tarn-81\/\">R\u00e9paration Fuite Toiture<\/a><\/h3>\r\n\r\n                              <p>R\u00e9paration de Fuite de Toiture \u00e0 Albi (Tarn 81) Ets Doya \u2013 Couvreur sp\u00e9cialis\u00e9 en d\u00e9pannage urgent Une fuite sur\u2026<\/p>\r\n              \r\n\r\n              \r\n                                    <div class=\"roof-element\">\r\n                      <i class=\"flaticon-broken-house\"><\/i>\r\n                    <\/div>\r\n                                          <\/div>\r\n          <\/div>\r\n        <\/div>\r\n              <div class=\"col-lg-6\">\r\n          <div class=\"single-quality single-quality-2 d-flex justify-content-start flex-row-reverse wow fadeInUp \" data-wow-delay=\"500ms\">\r\n\r\n                          <div class=\"tj-service-img\">\r\n                                                  <div class=\"shape__element\">\r\n                    <svg xmlns=\"http:\/\/www.w3.org\/2000\/svg\" width=\"70\" height=\"361\" viewBox=\"0 0 70 361\" fill=\"none\">\r\n                      <path class=\"color_shape\" fill-rule=\"evenodd\" clip-rule=\"evenodd\" d=\"M27.1799 0.500138L36.0048 15.5002C44.8298 30.5002 62.4797 60.5002 60.7147 90.5001C58.9497 120.5 37.7698 150.5 39.5348 180.5C41.2998 210.5 66.0097 240.5 69.5396 270.5C73.0696 300.5 55.4197 330.5 46.5948 345.5L37.7698 360.5H6V345.5C6 330.5 6 300.5 6 270.5C6 240.5 6 210.5 6 180.5C6 150.5 6 120.5 6 90.5001C6 60.5002 6 30.5002 6 15.5002V0.500138H27.1799Z\" fill=\"#EA1826\" \/>\r\n                      <path fill-rule=\"evenodd\" clip-rule=\"evenodd\" d=\"M20.518 0.5L29.0672 15.5C37.6164 30.5001 54.7147 60.5 53.0049 90.5C51.295 120.499 30.777 150.5 32.4869 180.5C34.1967 210.499 58.1344 240.5 61.554 270.5C64.9737 300.499 47.8754 330.5 39.3262 345.5L30.777 360.5H0V345.5C0 330.5 0 300.499 0 270.5C0 240.5 0 210.499 0 180.5C0 150.5 0 120.499 0 90.5C0 60.5 0 30.5001 0 15.5V0.5H20.518Z\" fill=\"white\" \/>\r\n                    <\/svg>\r\n                  <\/div>\r\n                              <\/div>\r\n            \r\n            <div class=\"tj-content text-start\">\r\n\r\n                                <div class=\"icon\">\r\n                    <i class=\"flaticon-roof-1\"><\/i>\r\n                  <\/div>\r\n              \r\n              <h3 class=\"service__title\"><a href=\"https:\/\/couvreur-zingueur-albi.fr\/index.php\/services\/traitement-charpente-albi-81-tarn\/\">Traitement Charpente<\/a><\/h3>\r\n\r\n                              <p>Traitement de Charpente de Toit \u00e0 Albi (Tarn 81) Ets Doya \u2013 Protection, traitement et r\u00e9novation de charpentes en bois\u2026<\/p>\r\n              \r\n\r\n              \r\n                                    <div class=\"roof-element\">\r\n                      <i class=\"flaticon-roof-1\"><\/i>\r\n                    <\/div>\r\n                                          <\/div>\r\n          <\/div>\r\n        <\/div>\r\n              <div class=\"col-lg-6\">\r\n          <div class=\"single-quality single-quality-2 d-flex justify-content-start flex-row-reverse wow fadeInUp \" data-wow-delay=\"600ms\">\r\n\r\n                          <div class=\"tj-service-img\">\r\n                                                  <div class=\"shape__element\">\r\n                    <svg xmlns=\"http:\/\/www.w3.org\/2000\/svg\" width=\"70\" height=\"361\" viewBox=\"0 0 70 361\" fill=\"none\">\r\n                      <path class=\"color_shape\" fill-rule=\"evenodd\" clip-rule=\"evenodd\" d=\"M27.1799 0.500138L36.0048 15.5002C44.8298 30.5002 62.4797 60.5002 60.7147 90.5001C58.9497 120.5 37.7698 150.5 39.5348 180.5C41.2998 210.5 66.0097 240.5 69.5396 270.5C73.0696 300.5 55.4197 330.5 46.5948 345.5L37.7698 360.5H6V345.5C6 330.5 6 300.5 6 270.5C6 240.5 6 210.5 6 180.5C6 150.5 6 120.5 6 90.5001C6 60.5002 6 30.5002 6 15.5002V0.500138H27.1799Z\" fill=\"#EA1826\" \/>\r\n                      <path fill-rule=\"evenodd\" clip-rule=\"evenodd\" d=\"M20.518 0.5L29.0672 15.5C37.6164 30.5001 54.7147 60.5 53.0049 90.5C51.295 120.499 30.777 150.5 32.4869 180.5C34.1967 210.499 58.1344 240.5 61.554 270.5C64.9737 300.499 47.8754 330.5 39.3262 345.5L30.777 360.5H0V345.5C0 330.5 0 300.499 0 270.5C0 240.5 0 210.499 0 180.5C0 150.5 0 120.499 0 90.5C0 60.5 0 30.5001 0 15.5V0.5H20.518Z\" fill=\"white\" \/>\r\n                    <\/svg>\r\n                  <\/div>\r\n                              <\/div>\r\n            \r\n            <div class=\"tj-content text-start\">\r\n\r\n                                <div class=\"icon\">\r\n                    <i class=\"flaticon-roof\"><\/i>\r\n                  <\/div>\r\n              \r\n              <h3 class=\"service__title\"><a href=\"https:\/\/couvreur-zingueur-albi.fr\/index.php\/services\/toiture-tuile-bac-acier-albi-81-tarn\/\">Toiture : Tuile &#038; Bac Acier<\/a><\/h3>\r\n\r\n                              <p>Toiture en Tuile ou Bac Acier \u00e0 Albi (Tarn 81) Ets Doya \u2013 Couvreur sp\u00e9cialiste de la pose, r\u00e9novation et\u2026<\/p>\r\n              \r\n\r\n              \r\n                                    <div class=\"roof-element\">\r\n                      <i class=\"flaticon-roof\"><\/i>\r\n                    <\/div>\r\n                                          <\/div>\r\n          <\/div>\r\n        <\/div>\r\n              <div class=\"col-lg-6\">\r\n          <div class=\"single-quality single-quality-2 d-flex justify-content-start  wow fadeInUp \" data-wow-delay=\"700ms\">\r\n\r\n                          <div class=\"tj-service-img\">\r\n                                                  <div class=\"shape__element\">\r\n                    <svg xmlns=\"http:\/\/www.w3.org\/2000\/svg\" width=\"70\" height=\"361\" viewBox=\"0 0 70 361\" fill=\"none\">\r\n                      <path class=\"color_shape\" fill-rule=\"evenodd\" clip-rule=\"evenodd\" d=\"M42.8201 360.5L33.9952 345.5C25.1702 330.5 7.52033 300.5 9.28533 270.5C11.0503 240.5 32.2302 210.5 30.4652 180.5C28.7002 150.5 3.99033 120.5 0.460426 90.5C-3.06957 60.5 14.5803 30.5 23.4052 15.5L32.2302 0.5H64V15.5C64 30.5 64 60.5 64 90.5C64 120.5 64 150.5 64 180.5C64 210.5 64 240.5 64 270.5C64 300.5 64 330.5 64 345.5V360.5H42.8201Z\" fill=\"#EA1826\" \/>\r\n                      <path fill-rule=\"evenodd\" clip-rule=\"evenodd\" d=\"M49.482 360.5L40.9328 345.5C32.3836 330.5 15.2853 300.5 16.9951 270.5C18.705 240.5 39.223 210.5 37.5131 180.5C35.8033 150.5 11.8656 120.5 8.44603 90.5C5.02633 60.5 22.1246 30.5 30.6738 15.5L39.223 0.5H70V15.5C70 30.5 70 60.5 70 90.5C70 120.5 70 150.5 70 180.5C70 210.5 70 240.5 70 270.5C70 300.5 70 330.5 70 345.5V360.5H49.482Z\" fill=\"white\" \/>\r\n                    <\/svg>\r\n                  <\/div>\r\n                              <\/div>\r\n            \r\n            <div class=\"tj-content text-start\">\r\n\r\n                                <div class=\"icon\">\r\n                    <i class=\"flaticon-roof-2\"><\/i>\r\n                  <\/div>\r\n              \r\n              <h3 class=\"service__title\"><a href=\"https:\/\/couvreur-zingueur-albi.fr\/index.php\/services\/demoussage-traitement-de-toiture-albi-81-tarn\/\">D\u00e9moussage Traitement de Toiture<\/a><\/h3>\r\n\r\n                              <p>D\u00e9moussage &amp; Traitement de Toiture \u00e0 Albi (Tarn 81) Ets Doya \u2013 Nettoyage, entretien et protection longue dur\u00e9e de votre\u2026<\/p>\r\n              \r\n\r\n              \r\n                                    <div class=\"roof-element\">\r\n                      <i class=\"flaticon-roof-2\"><\/i>\r\n                    <\/div>\r\n                                          <\/div>\r\n          <\/div>\r\n        <\/div>\r\n              <div class=\"col-lg-6\">\r\n          <div class=\"single-quality single-quality-2 d-flex justify-content-start  wow fadeInUp \" data-wow-delay=\"800ms\">\r\n\r\n                          <div class=\"tj-service-img\">\r\n                                                  <div class=\"shape__element\">\r\n                    <svg xmlns=\"http:\/\/www.w3.org\/2000\/svg\" width=\"70\" height=\"361\" viewBox=\"0 0 70 361\" fill=\"none\">\r\n                      <path class=\"color_shape\" fill-rule=\"evenodd\" clip-rule=\"evenodd\" d=\"M42.8201 360.5L33.9952 345.5C25.1702 330.5 7.52033 300.5 9.28533 270.5C11.0503 240.5 32.2302 210.5 30.4652 180.5C28.7002 150.5 3.99033 120.5 0.460426 90.5C-3.06957 60.5 14.5803 30.5 23.4052 15.5L32.2302 0.5H64V15.5C64 30.5 64 60.5 64 90.5C64 120.5 64 150.5 64 180.5C64 210.5 64 240.5 64 270.5C64 300.5 64 330.5 64 345.5V360.5H42.8201Z\" fill=\"#EA1826\" \/>\r\n                      <path fill-rule=\"evenodd\" clip-rule=\"evenodd\" d=\"M49.482 360.5L40.9328 345.5C32.3836 330.5 15.2853 300.5 16.9951 270.5C18.705 240.5 39.223 210.5 37.5131 180.5C35.8033 150.5 11.8656 120.5 8.44603 90.5C5.02633 60.5 22.1246 30.5 30.6738 15.5L39.223 0.5H70V15.5C70 30.5 70 60.5 70 90.5C70 120.5 70 150.5 70 180.5C70 210.5 70 240.5 70 270.5C70 300.5 70 330.5 70 345.5V360.5H49.482Z\" fill=\"white\" \/>\r\n                    <\/svg>\r\n                  <\/div>\r\n                              <\/div>\r\n            \r\n            <div class=\"tj-content text-start\">\r\n\r\n                                <div class=\"icon\">\r\n                    <i class=\"flaticon-apartment\"><\/i>\r\n                  <\/div>\r\n              \r\n              <h3 class=\"service__title\"><a href=\"https:\/\/couvreur-zingueur-albi.fr\/index.php\/services\/isolation-combles-amenageables-ou-perdus-albi-81-tarn\/\">Isolation Combles Am\u00e9nageables ou Perdus<\/a><\/h3>\r\n\r\n                              <p>Isolation des Combles Am\u00e9nageables ou Perdus \u00e0 Albi (Tarn 81) Ets Doya \u2013 Am\u00e9liorez votre confort et r\u00e9duisez vos factures\u2026<\/p>\r\n              \r\n\r\n              \r\n                                    <div class=\"roof-element\">\r\n                      <i class=\"flaticon-apartment\"><\/i>\r\n                    <\/div>\r\n                                          <\/div>\r\n          <\/div>\r\n        <\/div>\r\n          <\/div>\r\n  <\/div>\r\n<!-- Quality service section end -->\r\n\r\n\t\t\t\t<\/div>\n\t\t\t\t<\/div>\n\t\t\t\t\t<\/div>\n\t\t<\/div>\n\t\t\t\t\t<\/div>\n\t\t<\/section>\n\t\t\t\t<\/div>\n\t\t","protected":false},"excerpt":{"rendered":"<p>Rafter\/Blog Standard Our Services WHAT WE DO We\u2019r Prodviding Quality Roofing Services when an unknown printer took a galley of type and scrambled it to make a type not only five centurie when an unknown printer took a galley of type specimen bookurvived not only five centurie Roof Installation Lorem ipsum is simply free text [&hellip;]<\/p>\n","protected":false},"author":1,"featured_media":0,"parent":0,"menu_order":0,"comment_status":"closed","ping_status":"closed","template":"elementor_header_footer","meta":{"_acf_changed":false,"_monsterinsights_skip_tracking":false,"_monsterinsights_sitenote_active":false,"_monsterinsights_sitenote_note":"","_monsterinsights_sitenote_category":0,"footnotes":""},"class_list":["post-1677","page","type-page","status-publish","hentry"],"acf":[],"aioseo_notices":[],"_links":{"self":[{"href":"https:\/\/couvreur-zingueur-albi.fr\/index.php\/wp-json\/wp\/v2\/pages\/1677","targetHints":{"allow":["GET"]}}],"collection":[{"href":"https:\/\/couvreur-zingueur-albi.fr\/index.php\/wp-json\/wp\/v2\/pages"}],"about":[{"href":"https:\/\/couvreur-zingueur-albi.fr\/index.php\/wp-json\/wp\/v2\/types\/page"}],"author":[{"embeddable":true,"href":"https:\/\/couvreur-zingueur-albi.fr\/index.php\/wp-json\/wp\/v2\/users\/1"}],"replies":[{"embeddable":true,"href":"https:\/\/couvreur-zingueur-albi.fr\/index.php\/wp-json\/wp\/v2\/comments?post=1677"}],"version-history":[{"count":0,"href":"https:\/\/couvreur-zingueur-albi.fr\/index.php\/wp-json\/wp\/v2\/pages\/1677\/revisions"}],"wp:attachment":[{"href":"https:\/\/couvreur-zingueur-albi.fr\/index.php\/wp-json\/wp\/v2\/media?parent=1677"}],"curies":[{"name":"wp","href":"https:\/\/api.w.org\/{rel}","templated":true}]}}