{"id":1705,"date":"2023-12-05T06:24:54","date_gmt":"2023-12-05T06:24:54","guid":{"rendered":"https:\/\/themejunction.net\/wp\/rafter\/?page_id=1705"},"modified":"2023-12-05T06:24:54","modified_gmt":"2023-12-05T06:24:54","slug":"services-02","status":"publish","type":"page","link":"https:\/\/couvreur-zingueur-albi.fr\/index.php\/services-02\/","title":{"rendered":"Services 02"},"content":{"rendered":"\t\t<div data-elementor-type=\"wp-page\" data-elementor-id=\"1705\" class=\"elementor elementor-1705\">\n\t\t\t\t\t\t<section class=\"elementor-section elementor-top-section elementor-element elementor-element-fec0447 elementor-section-full_width elementor-section-height-default elementor-section-height-default\" data-id=\"fec0447\" data-element_type=\"section\">\n\t\t\t\t\t\t<div class=\"elementor-container elementor-column-gap-default\">\n\t\t\t\t\t<div class=\"elementor-column elementor-col-100 elementor-top-column elementor-element elementor-element-448ea94\" data-id=\"448ea94\" data-element_type=\"column\">\n\t\t\t<div class=\"elementor-widget-wrap elementor-element-populated\">\n\t\t\t\t\t\t<div class=\"elementor-element elementor-element-2d8d4f2 elementor-widget elementor-widget-tj-page-header\" data-id=\"2d8d4f2\" data-element_type=\"widget\" data-widget_type=\"tj-page-header.default\">\n\t\t\t\t<div class=\"elementor-widget-container\">\n\t\t\t\t\t\r\n<div class=\"breadcrumb-wrapper hero-page bg-cover \" data-bg-image=\"https:\/\/themejunction.net\/wp\/rafter\/wp-content\/uploads\/2023\/09\/breadcrumb.jpg\" >\r\n  <div class=\"container\">\r\n    <div class=\"row\">\r\n      <div class=\"col-12\">\r\n        <div class=\"breadcrumb-content\">\r\n\r\n                      <div class=\"breadcrumb__link\">\r\n              <!-- Breadcrumb NavXT 7.4.1 -->\n<span property=\"itemListElement\" typeof=\"ListItem\"><a property=\"item\" typeof=\"WebPage\" title=\"Aller \u00e0 Ets DOYA - Artisan Couvreur ALBI 81 TARN.\" href=\"https:\/\/couvreur-zingueur-albi.fr\" class=\"home\" ><span property=\"name\">Ets DOYA - Artisan Couvreur ALBI 81 TARN<\/span><\/a><meta property=\"position\" content=\"1\"><\/span> &gt; <span property=\"itemListElement\" typeof=\"ListItem\"><a property=\"item\" typeof=\"WebPage\" title=\"Aller \u00e0 Blog.\" href=\"https:\/\/couvreur-zingueur-albi.fr\/index.php\/blog\/\" class=\"post-root post post-post\" aria-current=\"page\"><span property=\"name\">Blog<\/span><\/a><meta property=\"position\" content=\"2\"><\/span>            <\/div>\r\n          \r\n          <h1 class=\"title wow fadeInUp\" data-wow-delay=\"0.3s\">Our Services<\/h1>\r\n        <\/div>\r\n      <\/div>\r\n    <\/div>\r\n  <\/div>\r\n\r\n      <div class=\"hero-right-element page-header-shape\" data-mask-image=\"https:\/\/couvreur-zingueur-albi.fr\/wp-content\/themes\/rafter\/assets\/img\/svg\/hero-page-shape.svg\" > <\/div>\r\n  \r\n<\/div>\r\n\r\n\t\t\t\t<\/div>\n\t\t\t\t<\/div>\n\t\t\t\t\t<\/div>\n\t\t<\/div>\n\t\t\t\t\t<\/div>\n\t\t<\/section>\n\t\t\t\t<section class=\"elementor-section elementor-top-section elementor-element elementor-element-baa9cd3 elementor-section-boxed elementor-section-height-default elementor-section-height-default\" data-id=\"baa9cd3\" data-element_type=\"section\">\n\t\t\t\t\t\t<div class=\"elementor-container elementor-column-gap-default\">\n\t\t\t\t\t<div class=\"elementor-column elementor-col-100 elementor-top-column elementor-element elementor-element-ea7852b\" data-id=\"ea7852b\" data-element_type=\"column\">\n\t\t\t<div class=\"elementor-widget-wrap elementor-element-populated\">\n\t\t\t\t\t\t<div class=\"elementor-element elementor-element-32329cc tj_section_align elementor-align-center elementor-widget__width-initial elementor-widget elementor-widget-tj-section-title\" data-id=\"32329cc\" data-element_type=\"widget\" data-widget_type=\"tj-section-title.default\">\n\t\t\t\t<div class=\"elementor-widget-container\">\n\t\t\t\t\t\r\n<div class=\"section__heading\">\r\n\r\n      <h4 class=\"section_sub__title\">WHAT WE DO<\/h4>\r\n  \r\n  <h2 class=\"section_title\">We\u2019r Prodviding Quality\nRoofing Services<\/h2>\r\n      <div class=\"content\">\r\n      when an unknown printer took a galley of type and scrambled it to make a type not only five centurie when an unknown printer took a galley of type specimen bookurvived not only five centurie    <\/div>\r\n  <\/div>\r\n\r\n\t\t\t\t<\/div>\n\t\t\t\t<\/div>\n\t\t\t\t<div class=\"elementor-element elementor-element-1a32c18 elementor-widget elementor-widget-tj-services-layout\" data-id=\"1a32c18\" data-element_type=\"widget\" data-widget_type=\"tj-services-layout.default\">\n\t\t\t\t<div class=\"elementor-widget-container\">\n\t\t\t\t\t\r\n<!-- Quality service section start -->\r\n<div class=\"superior_service-wrapper\">\r\n      <div class=\"row\">\r\n              <div class=\"col-xl-4 col-md-6\">\r\n          <div class=\"single-quality text-center  wow fadeInUp\" data-wow-delay=\"300ms\">\r\n\r\n                          <div class=\"tj-service-img\">\r\n                                                  <div class=\"shape serviceShape\">\r\n                    <svg xmlns=\"http:\/\/www.w3.org\/2000\/svg\" width=\"421\" height=\"71\" viewBox=\"0 0 421 71\" fill=\"none\">\r\n                      <path class=\"color_shape\" fill-rule=\"evenodd\" clip-rule=\"evenodd\" d=\"M0.0308889 43.1231L17.5249 34.2856C35.0177 25.448 70.0058 7.77282 105.007 9.51257C140.008 11.2523 175.024 32.4069 210.022 30.6167C245.02 28.8264 280.003 4.09129 315 0.536132C349.998 -3.01912 385.01 14.6055 402.517 23.4178L420.023 32.2302L420.046 64L402.546 64.0126C385.046 64.0252 350.046 64.0505 315.046 64.0757C280.047 64.101 245.046 64.1262 210.046 64.1515C175.047 64.1767 140.046 64.202 105.046 64.2273C70.0466 64.2525 35.0457 64.2778 17.5466 64.2904L0.0461722 64.303L0.0308889 43.1231Z\" fill=\"#EA1826\" \/>\r\n                      <path fill-rule=\"evenodd\" clip-rule=\"evenodd\" d=\"M0.0356961 49.785L17.53 41.2232C35.0229 32.6614 70.0114 15.5378 105.012 17.2224C140.013 18.907 175.029 39.3997 210.027 37.6646C245.025 35.9295 280.009 11.9666 315.006 8.52173C350.004 5.07678 385.016 22.1498 402.522 30.6864L420.028 39.223L420.05 70L402.55 70.0126C385.05 70.0252 350.05 70.0505 315.05 70.0757C280.051 70.101 245.05 70.1262 210.05 70.1515C175.051 70.1767 140.05 70.202 105.05 70.2273C70.0509 70.2525 35.05 70.2778 17.5509 70.2904L0.0505018 70.303L0.0356961 49.785Z\" fill=\"white\" \/>\r\n                    <\/svg>\r\n                  <\/div>\r\n                              <\/div>\r\n            \r\n            <div class=\"tj-content\">\r\n\r\n                                <div class=\"icon\">\r\n                    <i class=\"flaticon-roof-3\"><\/i>\r\n                  <\/div>\r\n              \r\n              <div class=\"tj__quality_content\">\r\n\r\n                <h3 class=\"service__title\"><a href=\"https:\/\/couvreur-zingueur-albi.fr\/index.php\/services\/couverture-toiture-albi-tarn-81\/\">Couverture Toiture<\/a><\/h3>\r\n\r\n                                  <p>Couverture de Toiture \u00e0 Albi (Tarn 81) \u2013 Ets Doya, votre couvreur expert Vous recherchez un sp\u00e9cialiste de la couverture\u2026<\/p>\r\n                \r\n              <\/div>\r\n              <div class=\"tj-process-btn\">\r\n                <a href=\"https:\/\/couvreur-zingueur-albi.fr\/index.php\/services\/couverture-toiture-albi-tarn-81\/\">read more<\/a>\r\n              <\/div>\r\n            <\/div>\r\n          <\/div>\r\n        <\/div>\r\n              <div class=\"col-xl-4 col-md-6\">\r\n          <div class=\"single-quality text-center service-reverse wow fadeInUp\" data-wow-delay=\"400ms\">\r\n\r\n                          <div class=\"tj-service-img\">\r\n                                                  <div class=\"shape serviceShape\">\r\n                    <svg xmlns=\"http:\/\/www.w3.org\/2000\/svg\" width=\"420\" height=\"70\" viewBox=\"0 0 420 70\" fill=\"none\">\r\n                      <path class=\"color_shape\" fill-rule=\"evenodd\" clip-rule=\"evenodd\" d=\"M420 27.1799L402.5 36.0048C385 44.8298 350 62.4797 315 60.7147C280 58.9497 245 37.7698 210 39.5348C175 41.2998 140 66.0097 105 69.5396C70.0004 73.0696 34.9996 55.4197 17.5004 46.5948L8.12419e-06 37.7698L9.51289e-06 5.99998L17.5004 5.99998C34.9996 5.99998 70.0004 5.99998 105 5.99999C140 5.99999 175 5.99999 210 5.99999C245 5.99999 280 5.99999 315 6C350 6 385 6 402.5 6L420 6L420 27.1799Z\" fill=\"#EA1826\" \/>\r\n                      <path fill-rule=\"evenodd\" clip-rule=\"evenodd\" d=\"M420 20.518L402.5 29.0672C385 37.6164 350 54.7147 315 53.0049C280.001 51.295 245 30.777 210 32.4869C175.001 34.1967 140 58.1344 105 61.554C70.0006 64.9737 34.9997 47.8754 17.5006 39.3262L0.000169149 30.777L0.000170495 -1.83588e-05L17.5006 -1.75938e-05C34.9997 -1.68289e-05 70.0006 -1.5299e-05 105 -1.37691e-05C140 -1.22392e-05 175.001 -1.07093e-05 210 -9.17938e-06C245 -7.6495e-06 280.001 -6.11957e-06 315 -4.58969e-06C350 -3.0598e-06 385 -1.5299e-06 402.5 -7.6495e-07L420 0L420 20.518Z\" fill=\"white\" \/>\r\n                    <\/svg>\r\n                  <\/div>\r\n                              <\/div>\r\n            \r\n            <div class=\"tj-content\">\r\n\r\n                                <div class=\"icon\">\r\n                    <i class=\"flaticon-broken-house\"><\/i>\r\n                  <\/div>\r\n              \r\n              <div class=\"tj__quality_content\">\r\n\r\n                <h3 class=\"service__title\"><a href=\"https:\/\/couvreur-zingueur-albi.fr\/index.php\/services\/reparation-fuite-toiture-albi-tarn-81\/\">R\u00e9paration Fuite Toiture<\/a><\/h3>\r\n\r\n                                  <p>R\u00e9paration de Fuite de Toiture \u00e0 Albi (Tarn 81) Ets Doya \u2013 Couvreur sp\u00e9cialis\u00e9 en d\u00e9pannage urgent Une fuite sur\u2026<\/p>\r\n                \r\n              <\/div>\r\n              <div class=\"tj-process-btn\">\r\n                <a href=\"https:\/\/couvreur-zingueur-albi.fr\/index.php\/services\/reparation-fuite-toiture-albi-tarn-81\/\">read more<\/a>\r\n              <\/div>\r\n            <\/div>\r\n          <\/div>\r\n        <\/div>\r\n              <div class=\"col-xl-4 col-md-6\">\r\n          <div class=\"single-quality text-center  wow fadeInUp\" data-wow-delay=\"500ms\">\r\n\r\n                          <div class=\"tj-service-img\">\r\n                                                  <div class=\"shape serviceShape\">\r\n                    <svg xmlns=\"http:\/\/www.w3.org\/2000\/svg\" width=\"421\" height=\"71\" viewBox=\"0 0 421 71\" fill=\"none\">\r\n                      <path class=\"color_shape\" fill-rule=\"evenodd\" clip-rule=\"evenodd\" d=\"M0.0308889 43.1231L17.5249 34.2856C35.0177 25.448 70.0058 7.77282 105.007 9.51257C140.008 11.2523 175.024 32.4069 210.022 30.6167C245.02 28.8264 280.003 4.09129 315 0.536132C349.998 -3.01912 385.01 14.6055 402.517 23.4178L420.023 32.2302L420.046 64L402.546 64.0126C385.046 64.0252 350.046 64.0505 315.046 64.0757C280.047 64.101 245.046 64.1262 210.046 64.1515C175.047 64.1767 140.046 64.202 105.046 64.2273C70.0466 64.2525 35.0457 64.2778 17.5466 64.2904L0.0461722 64.303L0.0308889 43.1231Z\" fill=\"#EA1826\" \/>\r\n                      <path fill-rule=\"evenodd\" clip-rule=\"evenodd\" d=\"M0.0356961 49.785L17.53 41.2232C35.0229 32.6614 70.0114 15.5378 105.012 17.2224C140.013 18.907 175.029 39.3997 210.027 37.6646C245.025 35.9295 280.009 11.9666 315.006 8.52173C350.004 5.07678 385.016 22.1498 402.522 30.6864L420.028 39.223L420.05 70L402.55 70.0126C385.05 70.0252 350.05 70.0505 315.05 70.0757C280.051 70.101 245.05 70.1262 210.05 70.1515C175.051 70.1767 140.05 70.202 105.05 70.2273C70.0509 70.2525 35.05 70.2778 17.5509 70.2904L0.0505018 70.303L0.0356961 49.785Z\" fill=\"white\" \/>\r\n                    <\/svg>\r\n                  <\/div>\r\n                              <\/div>\r\n            \r\n            <div class=\"tj-content\">\r\n\r\n                                <div class=\"icon\">\r\n                    <i class=\"flaticon-roof-1\"><\/i>\r\n                  <\/div>\r\n              \r\n              <div class=\"tj__quality_content\">\r\n\r\n                <h3 class=\"service__title\"><a href=\"https:\/\/couvreur-zingueur-albi.fr\/index.php\/services\/traitement-charpente-albi-81-tarn\/\">Traitement Charpente<\/a><\/h3>\r\n\r\n                                  <p>Traitement de Charpente de Toit \u00e0 Albi (Tarn 81) Ets Doya \u2013 Protection, traitement et r\u00e9novation de charpentes en bois\u2026<\/p>\r\n                \r\n              <\/div>\r\n              <div class=\"tj-process-btn\">\r\n                <a href=\"https:\/\/couvreur-zingueur-albi.fr\/index.php\/services\/traitement-charpente-albi-81-tarn\/\">read more<\/a>\r\n              <\/div>\r\n            <\/div>\r\n          <\/div>\r\n        <\/div>\r\n              <div class=\"col-xl-4 col-md-6\">\r\n          <div class=\"single-quality text-center service-reverse wow fadeInUp\" data-wow-delay=\"600ms\">\r\n\r\n                          <div class=\"tj-service-img\">\r\n                                                  <div class=\"shape serviceShape\">\r\n                    <svg xmlns=\"http:\/\/www.w3.org\/2000\/svg\" width=\"420\" height=\"70\" viewBox=\"0 0 420 70\" fill=\"none\">\r\n                      <path class=\"color_shape\" fill-rule=\"evenodd\" clip-rule=\"evenodd\" d=\"M420 27.1799L402.5 36.0048C385 44.8298 350 62.4797 315 60.7147C280 58.9497 245 37.7698 210 39.5348C175 41.2998 140 66.0097 105 69.5396C70.0004 73.0696 34.9996 55.4197 17.5004 46.5948L8.12419e-06 37.7698L9.51289e-06 5.99998L17.5004 5.99998C34.9996 5.99998 70.0004 5.99998 105 5.99999C140 5.99999 175 5.99999 210 5.99999C245 5.99999 280 5.99999 315 6C350 6 385 6 402.5 6L420 6L420 27.1799Z\" fill=\"#EA1826\" \/>\r\n                      <path fill-rule=\"evenodd\" clip-rule=\"evenodd\" d=\"M420 20.518L402.5 29.0672C385 37.6164 350 54.7147 315 53.0049C280.001 51.295 245 30.777 210 32.4869C175.001 34.1967 140 58.1344 105 61.554C70.0006 64.9737 34.9997 47.8754 17.5006 39.3262L0.000169149 30.777L0.000170495 -1.83588e-05L17.5006 -1.75938e-05C34.9997 -1.68289e-05 70.0006 -1.5299e-05 105 -1.37691e-05C140 -1.22392e-05 175.001 -1.07093e-05 210 -9.17938e-06C245 -7.6495e-06 280.001 -6.11957e-06 315 -4.58969e-06C350 -3.0598e-06 385 -1.5299e-06 402.5 -7.6495e-07L420 0L420 20.518Z\" fill=\"white\" \/>\r\n                    <\/svg>\r\n                  <\/div>\r\n                              <\/div>\r\n            \r\n            <div class=\"tj-content\">\r\n\r\n                                <div class=\"icon\">\r\n                    <i class=\"flaticon-roof\"><\/i>\r\n                  <\/div>\r\n              \r\n              <div class=\"tj__quality_content\">\r\n\r\n                <h3 class=\"service__title\"><a href=\"https:\/\/couvreur-zingueur-albi.fr\/index.php\/services\/toiture-tuile-bac-acier-albi-81-tarn\/\">Toiture : Tuile &#038; Bac Acier<\/a><\/h3>\r\n\r\n                                  <p>Toiture en Tuile ou Bac Acier \u00e0 Albi (Tarn 81) Ets Doya \u2013 Couvreur sp\u00e9cialiste de la pose, r\u00e9novation et\u2026<\/p>\r\n                \r\n              <\/div>\r\n              <div class=\"tj-process-btn\">\r\n                <a href=\"https:\/\/couvreur-zingueur-albi.fr\/index.php\/services\/toiture-tuile-bac-acier-albi-81-tarn\/\">read more<\/a>\r\n              <\/div>\r\n            <\/div>\r\n          <\/div>\r\n        <\/div>\r\n              <div class=\"col-xl-4 col-md-6\">\r\n          <div class=\"single-quality text-center  wow fadeInUp\" data-wow-delay=\"700ms\">\r\n\r\n                          <div class=\"tj-service-img\">\r\n                                                  <div class=\"shape serviceShape\">\r\n                    <svg xmlns=\"http:\/\/www.w3.org\/2000\/svg\" width=\"421\" height=\"71\" viewBox=\"0 0 421 71\" fill=\"none\">\r\n                      <path class=\"color_shape\" fill-rule=\"evenodd\" clip-rule=\"evenodd\" d=\"M0.0308889 43.1231L17.5249 34.2856C35.0177 25.448 70.0058 7.77282 105.007 9.51257C140.008 11.2523 175.024 32.4069 210.022 30.6167C245.02 28.8264 280.003 4.09129 315 0.536132C349.998 -3.01912 385.01 14.6055 402.517 23.4178L420.023 32.2302L420.046 64L402.546 64.0126C385.046 64.0252 350.046 64.0505 315.046 64.0757C280.047 64.101 245.046 64.1262 210.046 64.1515C175.047 64.1767 140.046 64.202 105.046 64.2273C70.0466 64.2525 35.0457 64.2778 17.5466 64.2904L0.0461722 64.303L0.0308889 43.1231Z\" fill=\"#EA1826\" \/>\r\n                      <path fill-rule=\"evenodd\" clip-rule=\"evenodd\" d=\"M0.0356961 49.785L17.53 41.2232C35.0229 32.6614 70.0114 15.5378 105.012 17.2224C140.013 18.907 175.029 39.3997 210.027 37.6646C245.025 35.9295 280.009 11.9666 315.006 8.52173C350.004 5.07678 385.016 22.1498 402.522 30.6864L420.028 39.223L420.05 70L402.55 70.0126C385.05 70.0252 350.05 70.0505 315.05 70.0757C280.051 70.101 245.05 70.1262 210.05 70.1515C175.051 70.1767 140.05 70.202 105.05 70.2273C70.0509 70.2525 35.05 70.2778 17.5509 70.2904L0.0505018 70.303L0.0356961 49.785Z\" fill=\"white\" \/>\r\n                    <\/svg>\r\n                  <\/div>\r\n                              <\/div>\r\n            \r\n            <div class=\"tj-content\">\r\n\r\n                                <div class=\"icon\">\r\n                    <i class=\"flaticon-roof-2\"><\/i>\r\n                  <\/div>\r\n              \r\n              <div class=\"tj__quality_content\">\r\n\r\n                <h3 class=\"service__title\"><a href=\"https:\/\/couvreur-zingueur-albi.fr\/index.php\/services\/demoussage-traitement-de-toiture-albi-81-tarn\/\">D\u00e9moussage Traitement de Toiture<\/a><\/h3>\r\n\r\n                                  <p>D\u00e9moussage &amp; Traitement de Toiture \u00e0 Albi (Tarn 81) Ets Doya \u2013 Nettoyage, entretien et protection longue dur\u00e9e de votre\u2026<\/p>\r\n                \r\n              <\/div>\r\n              <div class=\"tj-process-btn\">\r\n                <a href=\"https:\/\/couvreur-zingueur-albi.fr\/index.php\/services\/demoussage-traitement-de-toiture-albi-81-tarn\/\">read more<\/a>\r\n              <\/div>\r\n            <\/div>\r\n          <\/div>\r\n        <\/div>\r\n              <div class=\"col-xl-4 col-md-6\">\r\n          <div class=\"single-quality text-center service-reverse wow fadeInUp\" data-wow-delay=\"800ms\">\r\n\r\n                          <div class=\"tj-service-img\">\r\n                                                  <div class=\"shape serviceShape\">\r\n                    <svg xmlns=\"http:\/\/www.w3.org\/2000\/svg\" width=\"420\" height=\"70\" viewBox=\"0 0 420 70\" fill=\"none\">\r\n                      <path class=\"color_shape\" fill-rule=\"evenodd\" clip-rule=\"evenodd\" d=\"M420 27.1799L402.5 36.0048C385 44.8298 350 62.4797 315 60.7147C280 58.9497 245 37.7698 210 39.5348C175 41.2998 140 66.0097 105 69.5396C70.0004 73.0696 34.9996 55.4197 17.5004 46.5948L8.12419e-06 37.7698L9.51289e-06 5.99998L17.5004 5.99998C34.9996 5.99998 70.0004 5.99998 105 5.99999C140 5.99999 175 5.99999 210 5.99999C245 5.99999 280 5.99999 315 6C350 6 385 6 402.5 6L420 6L420 27.1799Z\" fill=\"#EA1826\" \/>\r\n                      <path fill-rule=\"evenodd\" clip-rule=\"evenodd\" d=\"M420 20.518L402.5 29.0672C385 37.6164 350 54.7147 315 53.0049C280.001 51.295 245 30.777 210 32.4869C175.001 34.1967 140 58.1344 105 61.554C70.0006 64.9737 34.9997 47.8754 17.5006 39.3262L0.000169149 30.777L0.000170495 -1.83588e-05L17.5006 -1.75938e-05C34.9997 -1.68289e-05 70.0006 -1.5299e-05 105 -1.37691e-05C140 -1.22392e-05 175.001 -1.07093e-05 210 -9.17938e-06C245 -7.6495e-06 280.001 -6.11957e-06 315 -4.58969e-06C350 -3.0598e-06 385 -1.5299e-06 402.5 -7.6495e-07L420 0L420 20.518Z\" fill=\"white\" \/>\r\n                    <\/svg>\r\n                  <\/div>\r\n                              <\/div>\r\n            \r\n            <div class=\"tj-content\">\r\n\r\n                                <div class=\"icon\">\r\n                    <i class=\"flaticon-apartment\"><\/i>\r\n                  <\/div>\r\n              \r\n              <div class=\"tj__quality_content\">\r\n\r\n                <h3 class=\"service__title\"><a href=\"https:\/\/couvreur-zingueur-albi.fr\/index.php\/services\/isolation-combles-amenageables-ou-perdus-albi-81-tarn\/\">Isolation Combles Am\u00e9nageables ou Perdus<\/a><\/h3>\r\n\r\n                                  <p>Isolation des Combles Am\u00e9nageables ou Perdus \u00e0 Albi (Tarn 81) Ets Doya \u2013 Am\u00e9liorez votre confort et r\u00e9duisez vos factures\u2026<\/p>\r\n                \r\n              <\/div>\r\n              <div class=\"tj-process-btn\">\r\n                <a href=\"https:\/\/couvreur-zingueur-albi.fr\/index.php\/services\/isolation-combles-amenageables-ou-perdus-albi-81-tarn\/\">read more<\/a>\r\n              <\/div>\r\n            <\/div>\r\n          <\/div>\r\n        <\/div>\r\n          <\/div>\r\n  <\/div>\r\n<!-- Quality service section end -->\r\n\r\n\t\t\t\t<\/div>\n\t\t\t\t<\/div>\n\t\t\t\t\t<\/div>\n\t\t<\/div>\n\t\t\t\t\t<\/div>\n\t\t<\/section>\n\t\t\t\t<\/div>\n\t\t","protected":false},"excerpt":{"rendered":"<p>Rafter\/Blog Standard Our Services WHAT WE DO We\u2019r Prodviding Quality Roofing Services when an unknown printer took a galley of type and scrambled it to make a type not only five centurie when an unknown printer took a galley of type specimen bookurvived not only five centurie Roof Installation Lorem ipsum is simply free text [&hellip;]<\/p>\n","protected":false},"author":1,"featured_media":0,"parent":0,"menu_order":0,"comment_status":"closed","ping_status":"closed","template":"elementor_header_footer","meta":{"_acf_changed":false,"_monsterinsights_skip_tracking":false,"_monsterinsights_sitenote_active":false,"_monsterinsights_sitenote_note":"","_monsterinsights_sitenote_category":0,"footnotes":""},"class_list":["post-1705","page","type-page","status-publish","hentry"],"acf":[],"aioseo_notices":[],"_links":{"self":[{"href":"https:\/\/couvreur-zingueur-albi.fr\/index.php\/wp-json\/wp\/v2\/pages\/1705","targetHints":{"allow":["GET"]}}],"collection":[{"href":"https:\/\/couvreur-zingueur-albi.fr\/index.php\/wp-json\/wp\/v2\/pages"}],"about":[{"href":"https:\/\/couvreur-zingueur-albi.fr\/index.php\/wp-json\/wp\/v2\/types\/page"}],"author":[{"embeddable":true,"href":"https:\/\/couvreur-zingueur-albi.fr\/index.php\/wp-json\/wp\/v2\/users\/1"}],"replies":[{"embeddable":true,"href":"https:\/\/couvreur-zingueur-albi.fr\/index.php\/wp-json\/wp\/v2\/comments?post=1705"}],"version-history":[{"count":0,"href":"https:\/\/couvreur-zingueur-albi.fr\/index.php\/wp-json\/wp\/v2\/pages\/1705\/revisions"}],"wp:attachment":[{"href":"https:\/\/couvreur-zingueur-albi.fr\/index.php\/wp-json\/wp\/v2\/media?parent=1705"}],"curies":[{"name":"wp","href":"https:\/\/api.w.org\/{rel}","templated":true}]}}